{"id":105,"date":"2023-07-02T08:18:41","date_gmt":"2023-07-02T08:18:41","guid":{"rendered":"http:\/\/www.celenmed.com\/?page_id=105"},"modified":"2023-10-03T09:51:02","modified_gmt":"2023-10-03T09:51:02","slug":"iletisim","status":"publish","type":"page","link":"http:\/\/www.celenmed.com\/?page_id=105","title":{"rendered":"\u0130leti\u015fim"},"content":{"rendered":"\n<p>CELENMED MED\u0130KAL C\u0130HAZLAR VE TIBB\u0130 MALZEMELER SAN. T\u0130C .LTD. \u015eT\u0130. \u0130K\u0130TELL V.D. 204 029 61 79<\/p>\n\n\n\n<p>MERKEZ ADRES:&nbsp;BAH\u00c7E\u015eEH\u0130R \/ \u0130STANBUL<\/p>\n\n\n\n<p><strong>TEL 1:<\/strong> 0212 691 51 05<br><strong>MOBIL:<\/strong> 0532 786 71 03<br><strong>FAKS:<\/strong>\u00a00212 691 51 05<\/p>\n\n\n\n<p><a href=\"https:\/\/www.instagram.com\/celenmedmedikal\/\" data-type=\"link\" data-id=\"https:\/\/www.instagram.com\/celenmedmedikal\/\">\u0130NSTAGRAM: Celenmed Medikal Cihazlar (@celenmedmedikal)<br><\/a><strong>E-POSTA:<\/strong>\u00a0<a rel=\"noreferrer noopener\" href=\"mailto:info@celenmed.com\" target=\"_blank\">info@celenmed.com<\/a><\/p>\n\n\n\n<p><\/p>\n","protected":false},"excerpt":{"rendered":"<p>CELENMED MED\u0130KAL C\u0130HAZLAR VE TIBB\u0130 MALZEMELER SAN. T\u0130C .LTD. \u015eT\u0130. \u0130K\u0130TELL V.D. 204 029 61 79 MERKEZ ADRES:&nbsp;BAH\u00c7E\u015eEH\u0130R \/ \u0130STANBUL TEL 1: 0212 691 51 05MOBIL: 0532 786 71 03FAKS:\u00a00212 691 51 05 \u0130NSTAGRAM: Celenmed Medikal Cihazlar (@celenmedmedikal)E-POSTA:\u00a0info@celenmed.com<\/p>\n","protected":false},"author":1,"featured_media":0,"parent":0,"menu_order":0,"comment_status":"closed","ping_status":"closed","template":"","meta":{"footnotes":""},"class_list":["post-105","page","type-page","status-publish","hentry"],"_links":{"self":[{"href":"http:\/\/www.celenmed.com\/index.php?rest_route=\/wp\/v2\/pages\/105","targetHints":{"allow":["GET"]}}],"collection":[{"href":"http:\/\/www.celenmed.com\/index.php?rest_route=\/wp\/v2\/pages"}],"about":[{"href":"http:\/\/www.celenmed.com\/index.php?rest_route=\/wp\/v2\/types\/page"}],"author":[{"embeddable":true,"href":"http:\/\/www.celenmed.com\/index.php?rest_route=\/wp\/v2\/users\/1"}],"replies":[{"embeddable":true,"href":"http:\/\/www.celenmed.com\/index.php?rest_route=%2Fwp%2Fv2%2Fcomments&post=105"}],"version-history":[{"count":5,"href":"http:\/\/www.celenmed.com\/index.php?rest_route=\/wp\/v2\/pages\/105\/revisions"}],"predecessor-version":[{"id":409,"href":"http:\/\/www.celenmed.com\/index.php?rest_route=\/wp\/v2\/pages\/105\/revisions\/409"}],"wp:attachment":[{"href":"http:\/\/www.celenmed.com\/index.php?rest_route=%2Fwp%2Fv2%2Fmedia&parent=105"}],"curies":[{"name":"wp","href":"https:\/\/api.w.org\/{rel}","templated":true}]}}