{"id":103,"date":"2023-07-02T08:15:49","date_gmt":"2023-07-02T08:15:49","guid":{"rendered":"http:\/\/www.celenmed.com\/?page_id=103"},"modified":"2023-07-02T08:15:49","modified_gmt":"2023-07-02T08:15:49","slug":"hakkimizda","status":"publish","type":"page","link":"http:\/\/www.celenmed.com\/?page_id=103","title":{"rendered":"Hakk\u0131m\u0131zda"},"content":{"rendered":"\n<p>Direkt olarak ithalat\u00e7\u0131 olan firmam\u0131z CELENMED \u0130stanbul&#8217;da 2011 y\u0131l\u0131nda kurulmu\u015f olan Sa\u011fl\u0131k sekt\u00f6r\u00fcnde a\u011f\u0131rl\u0131kl\u0131 olarak fizik tedavi, rehabilitasyon, fizyoterapi alanlar\u0131nda faaliyet g\u00f6steren bir \u015firkettir.<\/p>\n\n\n\n<p>\u00c7ok yeni kurulmu\u015f olan bir \u015firket olmam\u0131za ra\u011fmen, kaliteli \u00fcr\u00fcn ve kaliteli sat\u0131\u015f \u00f6ncesi ve sonras\u0131 hizmet anlay\u0131\u015f\u0131m\u0131zdan ve direk ithalat\u00e7\u0131 firma olmam\u0131zdan dolay\u0131, \u00e7ok k\u0131sa s\u00fcrede y\u00fcksek bir m\u00fc\u015fteri potansiyeline ula\u015fm\u0131\u015f bulunuyoruz. \u00dcr\u00fcnlerimizin ba\u015fl\u0131calar\u0131, fizik tedavi ve rehabilitasyon \u00fcr\u00fcnleri, TENS ve EMS cihazlar\u0131, TENS elektrodlar\u0131 ve yedek par\u00e7alar\u0131, Ultrason cihazlar\u0131\u2026vs.<br><br>\u00dcr\u00fcnlerimizin hepsi CE onayl\u0131d\u0131r ve garantilidir.<\/p>\n","protected":false},"excerpt":{"rendered":"<p>Direkt olarak ithalat\u00e7\u0131 olan firmam\u0131z CELENMED \u0130stanbul&#8217;da 2011 y\u0131l\u0131nda kurulmu\u015f olan Sa\u011fl\u0131k sekt\u00f6r\u00fcnde a\u011f\u0131rl\u0131kl\u0131 olarak fizik tedavi, rehabilitasyon, fizyoterapi alanlar\u0131nda faaliyet g\u00f6steren bir \u015firkettir. \u00c7ok yeni kurulmu\u015f olan bir \u015firket olmam\u0131za ra\u011fmen, kaliteli \u00fcr\u00fcn ve kaliteli sat\u0131\u015f \u00f6ncesi ve sonras\u0131 hizmet anlay\u0131\u015f\u0131m\u0131zdan ve direk ithalat\u00e7\u0131 firma olmam\u0131zdan dolay\u0131, \u00e7ok k\u0131sa s\u00fcrede y\u00fcksek bir m\u00fc\u015fteri potansiyeline [&hellip;]<\/p>\n","protected":false},"author":1,"featured_media":0,"parent":0,"menu_order":0,"comment_status":"closed","ping_status":"closed","template":"","meta":{"footnotes":""},"class_list":["post-103","page","type-page","status-publish","hentry"],"_links":{"self":[{"href":"http:\/\/www.celenmed.com\/index.php?rest_route=\/wp\/v2\/pages\/103","targetHints":{"allow":["GET"]}}],"collection":[{"href":"http:\/\/www.celenmed.com\/index.php?rest_route=\/wp\/v2\/pages"}],"about":[{"href":"http:\/\/www.celenmed.com\/index.php?rest_route=\/wp\/v2\/types\/page"}],"author":[{"embeddable":true,"href":"http:\/\/www.celenmed.com\/index.php?rest_route=\/wp\/v2\/users\/1"}],"replies":[{"embeddable":true,"href":"http:\/\/www.celenmed.com\/index.php?rest_route=%2Fwp%2Fv2%2Fcomments&post=103"}],"version-history":[{"count":1,"href":"http:\/\/www.celenmed.com\/index.php?rest_route=\/wp\/v2\/pages\/103\/revisions"}],"predecessor-version":[{"id":104,"href":"http:\/\/www.celenmed.com\/index.php?rest_route=\/wp\/v2\/pages\/103\/revisions\/104"}],"wp:attachment":[{"href":"http:\/\/www.celenmed.com\/index.php?rest_route=%2Fwp%2Fv2%2Fmedia&parent=103"}],"curies":[{"name":"wp","href":"https:\/\/api.w.org\/{rel}","templated":true}]}}